{"id":716,"date":"2021-02-03T21:55:31","date_gmt":"2021-02-03T20:55:31","guid":{"rendered":"http:\/\/localhost\/?page_id=716"},"modified":"2021-04-19T22:01:29","modified_gmt":"2021-04-19T20:01:29","slug":"sit_bout_de_bois","status":"publish","type":"page","link":"http:\/\/valderdre.fr\/wrdp\/sit_bout_de_bois\/","title":{"rendered":"sit_bout_de_bois"},"content":{"rendered":"<p><img loading=\"lazy\" decoding=\"async\" class=\"wp-image-943 size-thumbnail alignleft\" src=\"http:\/\/localhost\/wp-content\/uploads\/100_0121-150x113.jpg\" alt=\"\" width=\"150\" height=\"113\" srcset=\"http:\/\/valderdre.fr\/wrdp\/wp-content\/uploads\/100_0121-150x113.jpg 150w, http:\/\/valderdre.fr\/wrdp\/wp-content\/uploads\/100_0121-300x225.jpg 300w, http:\/\/valderdre.fr\/wrdp\/wp-content\/uploads\/100_0121-1024x768.jpg 1024w, http:\/\/valderdre.fr\/wrdp\/wp-content\/uploads\/100_0121-768x576.jpg 768w, http:\/\/valderdre.fr\/wrdp\/wp-content\/uploads\/100_0121-1536x1152.jpg 1536w, http:\/\/valderdre.fr\/wrdp\/wp-content\/uploads\/100_0121-2048x1536.jpg 2048w, http:\/\/valderdre.fr\/wrdp\/wp-content\/uploads\/100_0121-24x18.jpg 24w, http:\/\/valderdre.fr\/wrdp\/wp-content\/uploads\/100_0121-36x27.jpg 36w, http:\/\/valderdre.fr\/wrdp\/wp-content\/uploads\/100_0121-48x36.jpg 48w\" sizes=\"auto, (max-width: 150px) 100vw, 150px\" \/><span style=\"color: #3366ff; font-size: 14pt;\"><strong>Etang de Bout de Bois<\/strong><\/span><\/p>\n<p style=\"text-align: justify;\"><span style=\"font-family: arial,helvetica,sans-serif;\">\u00c0 cheval sur H\u00e9ric et Saffr\u00e9, au nord de Nantes (Loire-Atlantique), le site de Bout de Bois est li\u00e9 au canal de Nantes \u00e0 Brest.<\/span><br \/>\n<span style=\"font-family: arial,helvetica,sans-serif;\">Sur l\u2019Isac, ce vaste plan d\u2019eau a \u00e9t\u00e9 am\u00e9nag\u00e9 en 1991-1992. Il est g\u00e9r\u00e9 par le syndicat intercommunal de La Chevallerais, H\u00e9ric et Saffr\u00e9.<\/span><\/p>\n<p style=\"text-align: justify;\"><span style=\"font-family: arial,helvetica,sans-serif;\">Ce site accessible aux voitures offre de nombreuses activit\u00e9s de loisir (p\u00eache, promenades, mini-golf, parcours de sant\u00e9, aires de pique-nique).<\/span><\/p>\n<p style=\"text-align: justify;\"><span style=\"font-family: arial,helvetica,sans-serif;\">Espace \u00e9minemment \u00e9cologique, il propose \u00e9galement une r\u00e9serve botanique, une fray\u00e8re, une r\u00e9serve ornithologique et une hutte d\u2019observation de la faune aquatique. C\u2019est de plus un endroit plein de charme.<br \/>\n<\/span><br \/>\n<span style=\"font-family: arial,helvetica,sans-serif;\">Le sentier parall\u00e8le au chemin de halage serpente sur 800\u2009m entre le plan d\u2019eau et le canal. Une passerelle permet de faire le tour du bassin, et d\u2019acc\u00e9der \u00e0 l\u2019\u00eele ou \u00e0 la plage.<\/span><\/p>\n<p style=\"text-align: justify;\"><span style=\"font-family: arial,helvetica,sans-serif;\">\u2009Vous \u00eates sur le chemin de halage du bief le plus haut du canal en Loire-Atlantique, entre l\u2019\u00e9cluse de la Remaudais et celle du Pas d\u2019H\u00e9ric.<\/span><br \/>\n<span style=\"font-family: arial,helvetica,sans-serif;\">400\u2009m avant cette derni\u00e8re, d\u00e9bouche la rigole d\u2019alimentation (<a href=\"http:\/\/localhost\/canal_petit\/\">rigole alimentaire<\/a>) venant de Vioreau, qui approvisionne en eau cette partie du canal.<\/span><br \/>\n<span style=\"font-family: arial,helvetica,sans-serif;\"><br \/>\nDe l\u00e0, on peut rejoindre Vioreau, situ\u00e9 \u00e0 21\u2009km, en empruntant cet ouvrage d\u2019art, qui compte quatre aqueducs sur son circuit. \u00bb<br \/>\n<\/span><br \/>\n<span style=\"font-family: arial,helvetica,sans-serif;\">Le chemin de halage est propice aux randonn\u00e9es de tous types. On y croise des marcheurs au long cours qui relient le Mont-Saint-Michel \u00e0 Saint-Jacques-de-Compostelle. Des joggeurs, des randonneurs locaux ainsi que des cyclistes qui relient Nantes \u00e0 Brest, ou empruntent la V\u00e9lodys\u00e9e qui relie Roscoff \u00e0 Hendaye.<\/span><\/p>\n<p><span style=\"font-family: arial,helvetica,sans-serif;\">Un lieu de verdure, de calme et d&rsquo;air pur pour passer un moment de d\u00e9tente au grand air.<\/span><\/p>\n<table style=\"width: 100%; border-collapse: collapse;\">\n<tbody>\n<tr>\n<td style=\"width: 33.33%; text-align: center;\"><img loading=\"lazy\" decoding=\"async\" class=\"alignnone size-medium wp-image-945\" src=\"http:\/\/localhost\/wp-content\/uploads\/100_0120-300x225.jpg\" alt=\"\" width=\"300\" height=\"225\" srcset=\"http:\/\/valderdre.fr\/wrdp\/wp-content\/uploads\/100_0120-300x225.jpg 300w, http:\/\/valderdre.fr\/wrdp\/wp-content\/uploads\/100_0120-1024x768.jpg 1024w, http:\/\/valderdre.fr\/wrdp\/wp-content\/uploads\/100_0120-150x113.jpg 150w, http:\/\/valderdre.fr\/wrdp\/wp-content\/uploads\/100_0120-768x576.jpg 768w, http:\/\/valderdre.fr\/wrdp\/wp-content\/uploads\/100_0120-1536x1152.jpg 1536w, http:\/\/valderdre.fr\/wrdp\/wp-content\/uploads\/100_0120-2048x1536.jpg 2048w, http:\/\/valderdre.fr\/wrdp\/wp-content\/uploads\/100_0120-24x18.jpg 24w, http:\/\/valderdre.fr\/wrdp\/wp-content\/uploads\/100_0120-36x27.jpg 36w, http:\/\/valderdre.fr\/wrdp\/wp-content\/uploads\/100_0120-48x36.jpg 48w\" sizes=\"auto, (max-width: 300px) 100vw, 300px\" \/><\/td>\n<td style=\"width: 33.33%;\"><img loading=\"lazy\" decoding=\"async\" class=\"alignnone size-medium wp-image-947 aligncenter\" src=\"http:\/\/localhost\/wp-content\/uploads\/100_1503-300x225.jpg\" alt=\"\" width=\"300\" height=\"225\" srcset=\"http:\/\/valderdre.fr\/wrdp\/wp-content\/uploads\/100_1503-300x225.jpg 300w, http:\/\/valderdre.fr\/wrdp\/wp-content\/uploads\/100_1503-1024x768.jpg 1024w, http:\/\/valderdre.fr\/wrdp\/wp-content\/uploads\/100_1503-150x113.jpg 150w, http:\/\/valderdre.fr\/wrdp\/wp-content\/uploads\/100_1503-768x576.jpg 768w, http:\/\/valderdre.fr\/wrdp\/wp-content\/uploads\/100_1503-1536x1152.jpg 1536w, http:\/\/valderdre.fr\/wrdp\/wp-content\/uploads\/100_1503-2048x1536.jpg 2048w, http:\/\/valderdre.fr\/wrdp\/wp-content\/uploads\/100_1503-24x18.jpg 24w, http:\/\/valderdre.fr\/wrdp\/wp-content\/uploads\/100_1503-36x27.jpg 36w, http:\/\/valderdre.fr\/wrdp\/wp-content\/uploads\/100_1503-48x36.jpg 48w\" sizes=\"auto, (max-width: 300px) 100vw, 300px\" \/><\/td>\n<\/tr>\n<tr>\n<td style=\"width: 33.33%;\"><img loading=\"lazy\" decoding=\"async\" class=\"alignnone size-medium wp-image-948 aligncenter\" src=\"http:\/\/localhost\/wp-content\/uploads\/100_3783-300x225.jpg\" alt=\"\" width=\"300\" height=\"225\" srcset=\"http:\/\/valderdre.fr\/wrdp\/wp-content\/uploads\/100_3783-300x225.jpg 300w, http:\/\/valderdre.fr\/wrdp\/wp-content\/uploads\/100_3783-1024x768.jpg 1024w, http:\/\/valderdre.fr\/wrdp\/wp-content\/uploads\/100_3783-150x113.jpg 150w, http:\/\/valderdre.fr\/wrdp\/wp-content\/uploads\/100_3783-768x576.jpg 768w, http:\/\/valderdre.fr\/wrdp\/wp-content\/uploads\/100_3783-1536x1152.jpg 1536w, http:\/\/valderdre.fr\/wrdp\/wp-content\/uploads\/100_3783-24x18.jpg 24w, http:\/\/valderdre.fr\/wrdp\/wp-content\/uploads\/100_3783-36x27.jpg 36w, http:\/\/valderdre.fr\/wrdp\/wp-content\/uploads\/100_3783-48x36.jpg 48w, http:\/\/valderdre.fr\/wrdp\/wp-content\/uploads\/100_3783.jpg 1656w\" sizes=\"auto, (max-width: 300px) 100vw, 300px\" \/><\/td>\n<td style=\"width: 33.33%;\"><img loading=\"lazy\" decoding=\"async\" class=\"alignnone size-medium wp-image-943 aligncenter\" src=\"http:\/\/localhost\/wp-content\/uploads\/100_0121-300x225.jpg\" alt=\"\" width=\"300\" height=\"225\" srcset=\"http:\/\/valderdre.fr\/wrdp\/wp-content\/uploads\/100_0121-300x225.jpg 300w, http:\/\/valderdre.fr\/wrdp\/wp-content\/uploads\/100_0121-1024x768.jpg 1024w, http:\/\/valderdre.fr\/wrdp\/wp-content\/uploads\/100_0121-150x113.jpg 150w, http:\/\/valderdre.fr\/wrdp\/wp-content\/uploads\/100_0121-768x576.jpg 768w, http:\/\/valderdre.fr\/wrdp\/wp-content\/uploads\/100_0121-1536x1152.jpg 1536w, http:\/\/valderdre.fr\/wrdp\/wp-content\/uploads\/100_0121-2048x1536.jpg 2048w, http:\/\/valderdre.fr\/wrdp\/wp-content\/uploads\/100_0121-24x18.jpg 24w, http:\/\/valderdre.fr\/wrdp\/wp-content\/uploads\/100_0121-36x27.jpg 36w, http:\/\/valderdre.fr\/wrdp\/wp-content\/uploads\/100_0121-48x36.jpg 48w\" sizes=\"auto, (max-width: 300px) 100vw, 300px\" \/><\/td>\n<\/tr>\n<tr>\n<td style=\"width: 33.33%;\"><\/td>\n<td style=\"width: 33.33%;\"><\/td>\n<\/tr>\n<tr>\n<td style=\"width: 33.33%;\"><img loading=\"lazy\" decoding=\"async\" class=\"alignnone size-medium wp-image-949 aligncenter\" src=\"http:\/\/localhost\/wp-content\/uploads\/100_5685-300x200.jpg\" alt=\"\" width=\"300\" height=\"200\" srcset=\"http:\/\/valderdre.fr\/wrdp\/wp-content\/uploads\/100_5685-300x200.jpg 300w, http:\/\/valderdre.fr\/wrdp\/wp-content\/uploads\/100_5685-1024x683.jpg 1024w, http:\/\/valderdre.fr\/wrdp\/wp-content\/uploads\/100_5685-150x100.jpg 150w, http:\/\/valderdre.fr\/wrdp\/wp-content\/uploads\/100_5685-768x512.jpg 768w, http:\/\/valderdre.fr\/wrdp\/wp-content\/uploads\/100_5685-1536x1024.jpg 1536w, http:\/\/valderdre.fr\/wrdp\/wp-content\/uploads\/100_5685-2048x1365.jpg 2048w, http:\/\/valderdre.fr\/wrdp\/wp-content\/uploads\/100_5685-24x16.jpg 24w, http:\/\/valderdre.fr\/wrdp\/wp-content\/uploads\/100_5685-36x24.jpg 36w, http:\/\/valderdre.fr\/wrdp\/wp-content\/uploads\/100_5685-48x32.jpg 48w\" sizes=\"auto, (max-width: 300px) 100vw, 300px\" \/><\/td>\n<td style=\"width: 33.33%;\"><img loading=\"lazy\" decoding=\"async\" class=\"alignnone size-medium wp-image-946 aligncenter\" src=\"http:\/\/localhost\/wp-content\/uploads\/100_1501-300x225.jpg\" alt=\"\" width=\"300\" height=\"225\" srcset=\"http:\/\/valderdre.fr\/wrdp\/wp-content\/uploads\/100_1501-300x225.jpg 300w, http:\/\/valderdre.fr\/wrdp\/wp-content\/uploads\/100_1501-1024x768.jpg 1024w, http:\/\/valderdre.fr\/wrdp\/wp-content\/uploads\/100_1501-150x113.jpg 150w, http:\/\/valderdre.fr\/wrdp\/wp-content\/uploads\/100_1501-768x576.jpg 768w, http:\/\/valderdre.fr\/wrdp\/wp-content\/uploads\/100_1501-1536x1152.jpg 1536w, http:\/\/valderdre.fr\/wrdp\/wp-content\/uploads\/100_1501-2048x1536.jpg 2048w, http:\/\/valderdre.fr\/wrdp\/wp-content\/uploads\/100_1501-24x18.jpg 24w, http:\/\/valderdre.fr\/wrdp\/wp-content\/uploads\/100_1501-36x27.jpg 36w, http:\/\/valderdre.fr\/wrdp\/wp-content\/uploads\/100_1501-48x36.jpg 48w\" sizes=\"auto, (max-width: 300px) 100vw, 300px\" \/><\/td>\n<\/tr>\n<tr>\n<td style=\"width: 33.33%;\"><img loading=\"lazy\" decoding=\"async\" class=\"alignnone size-medium wp-image-950 aligncenter\" src=\"http:\/\/localhost\/wp-content\/uploads\/DSCN0691-300x225.jpg\" alt=\"\" width=\"300\" height=\"225\" srcset=\"http:\/\/valderdre.fr\/wrdp\/wp-content\/uploads\/DSCN0691-300x225.jpg 300w, http:\/\/valderdre.fr\/wrdp\/wp-content\/uploads\/DSCN0691-150x113.jpg 150w, http:\/\/valderdre.fr\/wrdp\/wp-content\/uploads\/DSCN0691-768x576.jpg 768w, http:\/\/valderdre.fr\/wrdp\/wp-content\/uploads\/DSCN0691-24x18.jpg 24w, http:\/\/valderdre.fr\/wrdp\/wp-content\/uploads\/DSCN0691-36x27.jpg 36w, http:\/\/valderdre.fr\/wrdp\/wp-content\/uploads\/DSCN0691-48x36.jpg 48w, http:\/\/valderdre.fr\/wrdp\/wp-content\/uploads\/DSCN0691.jpg 1024w\" sizes=\"auto, (max-width: 300px) 100vw, 300px\" \/><\/td>\n<td style=\"width: 33.33%;\"><img loading=\"lazy\" decoding=\"async\" class=\"alignnone size-medium wp-image-945 aligncenter\" src=\"http:\/\/localhost\/wp-content\/uploads\/100_0120-300x225.jpg\" alt=\"\" width=\"300\" height=\"225\" srcset=\"http:\/\/valderdre.fr\/wrdp\/wp-content\/uploads\/100_0120-300x225.jpg 300w, http:\/\/valderdre.fr\/wrdp\/wp-content\/uploads\/100_0120-1024x768.jpg 1024w, http:\/\/valderdre.fr\/wrdp\/wp-content\/uploads\/100_0120-150x113.jpg 150w, http:\/\/valderdre.fr\/wrdp\/wp-content\/uploads\/100_0120-768x576.jpg 768w, http:\/\/valderdre.fr\/wrdp\/wp-content\/uploads\/100_0120-1536x1152.jpg 1536w, http:\/\/valderdre.fr\/wrdp\/wp-content\/uploads\/100_0120-2048x1536.jpg 2048w, http:\/\/valderdre.fr\/wrdp\/wp-content\/uploads\/100_0120-24x18.jpg 24w, http:\/\/valderdre.fr\/wrdp\/wp-content\/uploads\/100_0120-36x27.jpg 36w, http:\/\/valderdre.fr\/wrdp\/wp-content\/uploads\/100_0120-48x36.jpg 48w\" sizes=\"auto, (max-width: 300px) 100vw, 300px\" \/><\/td>\n<\/tr>\n<tr>\n<td style=\"width: 33.33%;\" colspan=\"2\"><\/td>\n<\/tr>\n<\/tbody>\n<\/table>\n","protected":false},"excerpt":{"rendered":"<p>Etang de Bout de Bois \u00c0 cheval sur H\u00e9ric et Saffr\u00e9, au nord de Nantes (Loire-Atlantique), le site de Bout de Bois est li\u00e9 au canal de Nantes \u00e0 Brest. Sur l\u2019Isac, ce vaste plan d\u2019eau a \u00e9t\u00e9 am\u00e9nag\u00e9 en 1991-1992. Il est g\u00e9r\u00e9 par le syndicat intercommunal de La Chevallerais, H\u00e9ric et Saffr\u00e9. Ce site accessible aux voitures offre&#46;&#46;&#46;<\/p>\n","protected":false},"author":1,"featured_media":0,"parent":0,"menu_order":0,"comment_status":"closed","ping_status":"closed","template":"","meta":{"footnotes":""},"class_list":["post-716","page","type-page","status-publish","hentry"],"_links":{"self":[{"href":"http:\/\/valderdre.fr\/wrdp\/wp-json\/wp\/v2\/pages\/716","targetHints":{"allow":["GET"]}}],"collection":[{"href":"http:\/\/valderdre.fr\/wrdp\/wp-json\/wp\/v2\/pages"}],"about":[{"href":"http:\/\/valderdre.fr\/wrdp\/wp-json\/wp\/v2\/types\/page"}],"author":[{"embeddable":true,"href":"http:\/\/valderdre.fr\/wrdp\/wp-json\/wp\/v2\/users\/1"}],"replies":[{"embeddable":true,"href":"http:\/\/valderdre.fr\/wrdp\/wp-json\/wp\/v2\/comments?post=716"}],"version-history":[{"count":16,"href":"http:\/\/valderdre.fr\/wrdp\/wp-json\/wp\/v2\/pages\/716\/revisions"}],"predecessor-version":[{"id":1083,"href":"http:\/\/valderdre.fr\/wrdp\/wp-json\/wp\/v2\/pages\/716\/revisions\/1083"}],"wp:attachment":[{"href":"http:\/\/valderdre.fr\/wrdp\/wp-json\/wp\/v2\/media?parent=716"}],"curies":[{"name":"wp","href":"https:\/\/api.w.org\/{rel}","templated":true}]}}