{"id":1254,"date":"2021-04-26T21:55:08","date_gmt":"2021-04-26T19:55:08","guid":{"rendered":"http:\/\/localhost\/?page_id=1254"},"modified":"2021-12-30T22:45:39","modified_gmt":"2021-12-30T21:45:39","slug":"naviguer_sur_erdre","status":"publish","type":"page","link":"http:\/\/valderdre.fr\/wrdp\/naviguer_sur_erdre\/","title":{"rendered":"naviguer_sur_erdre"},"content":{"rendered":"<p style=\"text-align: center;\"><span style=\"background-color: #ffffff; color: #3366ff; font-size: 14pt;\"><strong>NAVIGUER SUR L&rsquo;ERDRE<\/strong><\/span><\/p>\n<table style=\"border-collapse: collapse; width: 100.283%; height: 211px;\">\n<tbody>\n<tr style=\"height: 193px;\">\n<td style=\"width: 24.4033%; height: 130px;\"><img loading=\"lazy\" decoding=\"async\" class=\"aligncenter\" src=\"https:\/\/www.nautic-erdre-ocean.fr\/wp-content\/uploads\/2018\/10\/NEO-Nautic-Erdre-Ocean-logo-header-18.png\" alt=\"Nautic Erdre &amp; Oc\u00e9an.\" width=\"192\" height=\"59\" \/><\/p>\n<p>&nbsp;<\/p>\n<p>&nbsp;<\/td>\n<td style=\"width: 75.5967%; text-align: left; height: 130px;\">Naviguer sur l\u2019Erdre \u00e0 bord d\u2019un joli voilier ? C\u2019est possible avec NEO<br \/>\nVous voulez tirer quelques bords entre ville et nature, et vous avez envie d\u2019autre chose que le bateau \u00e9lectrique, le cano\u00eb ou le paddle ? C\u2019est possible sur l\u2019Erdre, \u00e0 Nantes, o\u00f9 Beno\u00eet Debierre a cr\u00e9\u00e9 \u00a0NEO (Nautic\u2019Erdre &amp; Oc\u00e9an) pour vous mener en bateau \u2013 dans le bon sens du terme \u2013 sur son\u00a0Minahou\u00ebt, un adorable voile-aviron tout en bois de 4,70 m. Ou si vous pr\u00e9f\u00e9rez plus l\u00e9ger encore sur un d\u00e9riveur de type Laser Vago\u2026<\/p>\n<p style=\"text-align: center;\"><em><a href=\"https:\/\/www.nautic-erdre-ocean.fr\/naviguer-sur-erde-avec-neo\/\" target=\"_blank\" rel=\"noopener\">Voir plus&#8230;<\/a><\/em><\/p>\n<\/td>\n<\/tr>\n<tr>\n<td style=\"width: 24.4033%;\"><img loading=\"lazy\" decoding=\"async\" class=\"aligncenter\" src=\"http:\/\/www.edenn.fr\/wp-content\/uploads\/2015\/02\/logo-footer.png\" alt=\"logo-footer\" width=\"137\" height=\"84\" \/><\/td>\n<td style=\"width: 75.5967%; text-align: left;\"><strong>L\u2019EDENN<\/strong> a\u00a0pour mission d\u2019assurer la coordination des actions demand\u00e9es par le SAGE (Sch\u00e9ma d\u2019am\u00e9nagement et de gestion des eaux) Estuaire de la Loire\u00a0sur ce territoire. II participe ainsi \u00e0 la gestion concert\u00e9e assur\u00e9e sur l\u2019ensemble du bassin de l\u2019estuaire de la Loire en \u00e9tant la structure r\u00e9f\u00e9rente du SAGE, charg\u00e9e de sa mise en \u0153uvre sur le bassin versant de l\u2019Erdre.<\/p>\n<p style=\"text-align: center;\"><em><a href=\"http:\/\/www.edenn.fr\/edenn\/\" target=\"_blank\" rel=\"noopener\">Voir plus&#8230;<\/a><\/em><\/p>\n<\/td>\n<\/tr>\n<tr>\n<td style=\"width: 24.4033%;\"><img loading=\"lazy\" decoding=\"async\" class=\"aligncenter\" src=\"https:\/\/mersetbateaux.com\/wp-content\/uploads\/2015\/08\/cropped-logo-mersetbateaux-1.jpg\" alt=\"Mers et Bateaux\" width=\"204\" height=\"32\" \/><\/td>\n<td style=\"width: 75.5967%; text-align: left;\">Retrouvez des\u00a0<strong>conseils et astuces pour la navigation et l&rsquo;entretien de votre voilier<\/strong>. D\u00e9couvrez\u00a0<strong>les plus belles croisi\u00e8res<\/strong>, simples et accessibles depuis nos c\u00f4tes. Pr\u00e9sentation, avis et\u00a0<strong>descriptif des meilleurs voiliers<\/strong>\u00a0d&rsquo;hier et aujourd&rsquo;hui, ceux qui ont marqu\u00e9 l\u00a0\u00bbhistoire de la plaisance et les p\u00e9pites m\u00e9connues.\u00a0<strong>Annonces bateaux gratuites<\/strong>\u00a0et guide des ports et mouillages de France m\u00e9tropolitaine. Un site qui vulgarise la voile, \u00e0 destination des d\u00e9butants comme des habitu\u00e9s de la mer.<\/p>\n<p style=\"text-align: center;\"><em><a href=\"https:\/\/mersetbateaux.com\/erdre-croisiere\/\" target=\"_blank\" rel=\"noopener\">Voir plus&#8230;<\/a><\/em><\/p>\n<\/td>\n<\/tr>\n<tr>\n<td style=\"width: 24.4033%;\"><img loading=\"lazy\" decoding=\"async\" class=\"aligncenter\" src=\"https:\/\/www.floating-nantes.com\/wp-content\/uploads\/floating-bateau-electrique-kayak-paddle-nantes.gif\" alt=\"Floating\" width=\"124\" height=\"124\" \/><\/td>\n<td style=\"width: 75.5967%; text-align: left;\">Vous pouvez naviguer sur l\u2019Erdre de l\u2019heure \u00e0 la journ\u00e9e en choisissant le format de bateau qui vous convient de 5 \u00e0 7 personnes. L\u2019Erdre est une rivi\u00e8re tr\u00e8s s\u00e9curisante, sans courant, facile \u00e0 naviguer et tr\u00e8s riche en patrimoine historique et naturel.<br \/>\nD\u00e9part plein centre de Nantes sur l\u2019\u00eele de Versailles vers les berges verdoyantes de l\u2019une des plus belles rivi\u00e8res de France. Vous pouvez consultez notre carte de navigation pour visualiser les points clefs de votre parcours. N\u2019h\u00e9sitez pas \u00e0 r\u00e9servez votre bateau en ligne en cliquant sur le bouton correspondant.<\/p>\n<p style=\"text-align: center;\"><em><a href=\"https:\/\/www.floating-nantes.com\/location-bateau-electrique-sans-permis-nantes-44-erdre\/\" target=\"_blank\" rel=\"noopener\">Voir plus&#8230;<\/a><\/em><\/p>\n<\/td>\n<\/tr>\n<tr>\n<td style=\"width: 24.4033%;\"><img loading=\"lazy\" decoding=\"async\" class=\"aligncenter\" src=\"https:\/\/www.location-bateaux-electriques.com\/wp-content\/uploads\/2021\/02\/RUBANVERT-LOGO-2019-01.jpg\" width=\"122\" height=\"122\" \/><\/td>\n<td style=\"width: 75.5967%; text-align: left;\">De l\u2019\u00cele de Versailles \u00e0 Suc\u00e9-sur-Erdre, profitez d\u2019une balade en bateau le long des bords de l\u2019Erdre riche en d\u00e9couvertes culturelles avec de nombreux ch\u00e2teaux. Vous pr\u00e9f\u00e9rez la nature ? Parcourez en bateau la plaine de Mazerolles depuis notre base de Suc\u00e9-sur-Erdre.<\/p>\n<p style=\"text-align: center;\"><em><a href=\"https:\/\/www.location-bateaux-electriques.com\/visiter-bords-de-lerdre-bateau\" target=\"_blank\" rel=\"noopener\">Voir plus&#8230;<\/a><\/em><\/p>\n<\/td>\n<\/tr>\n<tr>\n<td style=\"width: 24.4033%; background-color: #f5f0f0;\"><img decoding=\"async\" class=\"aligncenter\" src=\"https:\/\/canal-nantes-brest.fr\/wp-content\/themes\/canal\/dist\/img\/canal-nantes-brest.svg\" alt=\"Le canal de Nantes \u00c3\u00a0 Brest\" \/><\/td>\n<td style=\"width: 75.5967%; text-align: left;\">Vous avez toujours r\u00eav\u00e9 de piloter une p\u00e9niche, de surprendre votre moiti\u00e9 en lui proposant une vir\u00e9e romantique en bateau \u00e9lectrique, de partir \u00e0 l\u2019aventure en rando-cano\u00e9 pendant plusieurs jours avec vos copains ou de naviguer en famille aux c\u00f4t\u00e9s d\u2019un capitaine de navire vous racontant des anecdotes des plus insolites ?<\/p>\n<p style=\"text-align: center;\"><em><a href=\"https:\/\/www.location-bateaux-electriques.com\/visiter-bords-de-lerdre-bateau\" target=\"_blank\" rel=\"noopener\">Voir plus&#8230;<\/a><\/em><\/p>\n<\/td>\n<\/tr>\n<tr>\n<td style=\"width: 24.4033%;\"><img decoding=\"async\" class=\"aligncenter\" src=\"https:\/\/bateaux-nantais.fr\/assets\/front\/images\/logo-bateaux-nantais-mini.png\" alt=\"Logo Bateaux Nantais\" \/><\/td>\n<td style=\"width: 75.5967%; text-align: left;\">Les Bateaux Nantais vous sugg\u00e8rent le temps d\u2019une balade sur l\u2019Erdre une croisi\u00e8re \u00e0 bord de leurs bateaux au design contemporain.\u00a0Au travers d&rsquo;un parcours atypique au coeur de Nantes, laissez-vous bercer par une sortie inoubliable, agr\u00e9ment\u00e9e de commentaires sur\u00a0l&rsquo;histoire de la rivi\u00e8re et de ses nombreux ch\u00e2teaux.<\/p>\n<p style=\"text-align: center;\"><em><a href=\"https:\/\/bateaux-nantais.fr\/fr\/promenades-sur-lerdre-2\" target=\"_blank\" rel=\"noopener\">Voir plus&#8230;<\/a><\/em><\/p>\n<\/td>\n<\/tr>\n<\/tbody>\n<\/table>\n<p>&nbsp;<\/p>\n<p>&nbsp;<\/p>\n<p>&nbsp;<\/p>\n","protected":false},"excerpt":{"rendered":"<p>NAVIGUER SUR L&rsquo;ERDRE &nbsp; &nbsp; Naviguer sur l\u2019Erdre \u00e0 bord d\u2019un joli voilier ? C\u2019est possible avec NEO Vous voulez tirer quelques bords entre ville et nature, et vous avez envie d\u2019autre chose que le bateau \u00e9lectrique, le cano\u00eb ou le paddle ? C\u2019est possible sur l\u2019Erdre, \u00e0 Nantes, o\u00f9 Beno\u00eet Debierre a cr\u00e9\u00e9 \u00a0NEO (Nautic\u2019Erdre &amp; Oc\u00e9an) pour vous&#46;&#46;&#46;<\/p>\n","protected":false},"author":1,"featured_media":0,"parent":0,"menu_order":0,"comment_status":"closed","ping_status":"closed","template":"","meta":{"footnotes":""},"class_list":["post-1254","page","type-page","status-publish","hentry"],"_links":{"self":[{"href":"http:\/\/valderdre.fr\/wrdp\/wp-json\/wp\/v2\/pages\/1254","targetHints":{"allow":["GET"]}}],"collection":[{"href":"http:\/\/valderdre.fr\/wrdp\/wp-json\/wp\/v2\/pages"}],"about":[{"href":"http:\/\/valderdre.fr\/wrdp\/wp-json\/wp\/v2\/types\/page"}],"author":[{"embeddable":true,"href":"http:\/\/valderdre.fr\/wrdp\/wp-json\/wp\/v2\/users\/1"}],"replies":[{"embeddable":true,"href":"http:\/\/valderdre.fr\/wrdp\/wp-json\/wp\/v2\/comments?post=1254"}],"version-history":[{"count":15,"href":"http:\/\/valderdre.fr\/wrdp\/wp-json\/wp\/v2\/pages\/1254\/revisions"}],"predecessor-version":[{"id":1563,"href":"http:\/\/valderdre.fr\/wrdp\/wp-json\/wp\/v2\/pages\/1254\/revisions\/1563"}],"wp:attachment":[{"href":"http:\/\/valderdre.fr\/wrdp\/wp-json\/wp\/v2\/media?parent=1254"}],"curies":[{"name":"wp","href":"https:\/\/api.w.org\/{rel}","templated":true}]}}